{"id":19,"date":"2024-02-28T13:22:06","date_gmt":"2024-02-28T13:22:06","guid":{"rendered":"https:\/\/www.spkrowniki.pl\/?page_id=19"},"modified":"2024-10-15T16:23:03","modified_gmt":"2024-10-15T16:23:03","slug":"rada-rodzicow","status":"publish","type":"page","link":"https:\/\/www.spkrowniki.pl\/index.php\/rada-rodzicow\/","title":{"rendered":"Rada Rodzic\u00f3w"},"content":{"rendered":"<p><strong>Sk\u0142ad Rady Rodzic\u00f3w:<\/strong><\/p>\n<p><strong>Przewodnicz\u0105ca:<\/strong> Dorota Wendel<\/p>\n<p><strong>Z-ca Przewodnicz\u0105cej:<\/strong> Magdalena Mucha<\/p>\n<p><strong>Skarbnik:<\/strong> Ireneusz Niemiec<\/p>\n","protected":false},"excerpt":{"rendered":"<p>Sk\u0142ad Rady Rodzic\u00f3w: Przewodnicz\u0105ca: Dorota Wendel Z-ca Przewodnicz\u0105cej: Magdalena Mucha Skarbnik: Ireneusz Niemiec<\/p>\n","protected":false},"author":1,"featured_media":0,"parent":0,"menu_order":0,"comment_status":"closed","ping_status":"closed","template":"","meta":{"om_disable_all_campaigns":false,"_monsterinsights_skip_tracking":false,"_monsterinsights_sitenote_active":false,"_monsterinsights_sitenote_note":"","_monsterinsights_sitenote_category":0,"footnotes":""},"class_list":["post-19","page","type-page","status-publish","hentry"],"aioseo_notices":[],"_links":{"self":[{"href":"https:\/\/www.spkrowniki.pl\/index.php\/wp-json\/wp\/v2\/pages\/19","targetHints":{"allow":["GET"]}}],"collection":[{"href":"https:\/\/www.spkrowniki.pl\/index.php\/wp-json\/wp\/v2\/pages"}],"about":[{"href":"https:\/\/www.spkrowniki.pl\/index.php\/wp-json\/wp\/v2\/types\/page"}],"author":[{"embeddable":true,"href":"https:\/\/www.spkrowniki.pl\/index.php\/wp-json\/wp\/v2\/users\/1"}],"replies":[{"embeddable":true,"href":"https:\/\/www.spkrowniki.pl\/index.php\/wp-json\/wp\/v2\/comments?post=19"}],"version-history":[{"count":3,"href":"https:\/\/www.spkrowniki.pl\/index.php\/wp-json\/wp\/v2\/pages\/19\/revisions"}],"predecessor-version":[{"id":223,"href":"https:\/\/www.spkrowniki.pl\/index.php\/wp-json\/wp\/v2\/pages\/19\/revisions\/223"}],"wp:attachment":[{"href":"https:\/\/www.spkrowniki.pl\/index.php\/wp-json\/wp\/v2\/media?parent=19"}],"curies":[{"name":"wp","href":"https:\/\/api.w.org\/{rel}","templated":true}]}}