{"id":20,"date":"2024-02-28T13:22:06","date_gmt":"2024-02-28T13:22:06","guid":{"rendered":"https:\/\/www.spkrowniki.pl\/?page_id=20"},"modified":"2024-09-25T20:28:22","modified_gmt":"2024-09-25T20:28:22","slug":"biblioteka","status":"publish","type":"page","link":"https:\/\/www.spkrowniki.pl\/index.php\/biblioteka\/","title":{"rendered":"Biblioteka"},"content":{"rendered":"<p><style>\/*! elementor - v3.19.0 - 26-02-2024 *\/<br \/>\r\n.elementor-heading-title{padding:0;margin:0;line-height:1}.elementor-widget-heading .elementor-heading-title[class*=elementor-size-]>a{color:inherit;font-size:inherit;line-height:inherit}.elementor-widget-heading .elementor-heading-title.elementor-size-small{font-size:15px}.elementor-widget-heading .elementor-heading-title.elementor-size-medium{font-size:19px}.elementor-widget-heading .elementor-heading-title.elementor-size-large{font-size:29px}.elementor-widget-heading .elementor-heading-title.elementor-size-xl{font-size:39px}.elementor-widget-heading .elementor-heading-title.elementor-size-xxl{font-size:59px}<\/style><\/p>\r\n<h2>Dzielenie si\u0119 ksi\u0105\u017ck\u0105 z innymi jest lepsze od jej posiadania.<\/h2>\r\n<p>Je\u017celi jeste\u015b w\u0142a\u015bcicielem ksi\u0105\u017cki, kt\u00f3ra dostarczy\u0142a Ci niezapomnianych wra\u017ce\u0144 i jest jeszcze w do\u015b\u0107 dobrym stanie &#8211; nie skazuj jej na zapomnienie i zarastanie kurzem na p\u00f3\u0142ce Twojej domowej biblioteczki.<\/p>\r\n<p>Przynie\u015b ksi\u0105\u017ck\u0119 do naszej szkolnej biblioteki.<\/p>\r\n<hr class=\"wp-block-separator has-alpha-channel-opacity\" \/>\r\n\r\n\r\n<h2 class=\"wp-block-heading\">Katalog ksi\u0105\u017cek szkolnych online<\/h2>\r\n\r\n\r\n\r\n<p>Od roku szkolnego 2024\/25 uruchomili\u015bmy internetowy system wypo\u017cyczania ksi\u0105\u017cek MOL NET+<\/p>\r\n\r\n\r\n\r\n<p><strong>Dzi\u0119ki systemowi online uczniowie otrzymuj\u0105 mo\u017cliwo\u015b\u0107:<\/strong><\/p>\r\n\r\n\r\n\r\n<ul class=\"wp-block-list\">\r\n<li>intuicyjnego wyszukiwania zbior\u00f3w (katalog jest w trakcie aktualizacji)<\/li>\r\n\r\n\r\n\r\n<li>mo\u017cliwo\u015b\u0107 rezerwacji zasob\u00f3w biblioteki o ka\u017cdej porze z dowolnego urz\u0105dzenia posiadaj\u0105cego dost\u0119p do Internetu<\/li>\r\n\r\n\r\n\r\n<li>podgl\u0105d aktualnych zestawie\u0144 bibliograficznych tworzonych przez bibliotekarza, takich jak nowo\u015bci czy zestawienia lektur<\/li>\r\n\r\n\r\n\r\n<li>mo\u017cliwo\u015b\u0107 przegl\u0105dania w\u0142asnego konta wypo\u017cycze\u0144.<\/li>\r\n<\/ul>\r\n\r\n\r\n\r\n<p>Dzi\u0119ki nowemu programowi ka\u017cdy czytelnik mo\u017ce sam przegl\u0105da\u0107 zasoby biblioteczne, korzystaj\u0105c z katalogu pod adresem:\u00a0<a href=\"https:\/\/m025759.molnet.mol.pl\/\" target=\"_blank\" rel=\"noreferrer noopener\">https:\/\/m025759.molnet.mol.pl\/<\/a><\/p>\r\n\r\n\r\n\r\n<p>Wi\u0119cej informacji uzyskasz w bibliotece szkolnej.<\/p>\r\n\r\n\r\n\r\n<div class=\"wp-block-file\"><a id=\"wp-block-file--media-3b93f7ca-5cb9-46e0-8d8e-976f1b103e9a\" href=\"https:\/\/www.spkrowniki.pl\/wp-content\/uploads\/2024\/02\/regulamin-biblioteki.pdf\">Regulamin Biblioteki<\/a><a class=\"wp-block-file__button wp-element-button\" href=\"https:\/\/www.spkrowniki.pl\/wp-content\/uploads\/2024\/02\/regulamin-biblioteki.pdf\" download=\"\" aria-describedby=\"wp-block-file--media-3b93f7ca-5cb9-46e0-8d8e-976f1b103e9a\">Pobierz<\/a><\/div>\r\n\r\n\r\n\r\n<div class=\"wp-block-file\">Regulamin wypo\u017cyczania podr\u0119cznik\u00f3w i materia\u0142\u00f3w edukacyjnychPobierz<\/div>\r\n","protected":false},"excerpt":{"rendered":"<p>Dzielenie si\u0119 ksi\u0105\u017ck\u0105 z innymi jest lepsze od jej posiadania. Je\u017celi jeste\u015b w\u0142a\u015bcicielem ksi\u0105\u017cki, kt\u00f3ra dostarczy\u0142a Ci niezapomnianych wra\u017ce\u0144 i jest jeszcze w do\u015b\u0107 dobrym [&hellip;]<\/p>\n","protected":false},"author":1,"featured_media":0,"parent":0,"menu_order":0,"comment_status":"closed","ping_status":"closed","template":"","meta":{"om_disable_all_campaigns":false,"_monsterinsights_skip_tracking":false,"_monsterinsights_sitenote_active":false,"_monsterinsights_sitenote_note":"","_monsterinsights_sitenote_category":0,"footnotes":""},"class_list":["post-20","page","type-page","status-publish","hentry"],"aioseo_notices":[],"_links":{"self":[{"href":"https:\/\/www.spkrowniki.pl\/index.php\/wp-json\/wp\/v2\/pages\/20","targetHints":{"allow":["GET"]}}],"collection":[{"href":"https:\/\/www.spkrowniki.pl\/index.php\/wp-json\/wp\/v2\/pages"}],"about":[{"href":"https:\/\/www.spkrowniki.pl\/index.php\/wp-json\/wp\/v2\/types\/page"}],"author":[{"embeddable":true,"href":"https:\/\/www.spkrowniki.pl\/index.php\/wp-json\/wp\/v2\/users\/1"}],"replies":[{"embeddable":true,"href":"https:\/\/www.spkrowniki.pl\/index.php\/wp-json\/wp\/v2\/comments?post=20"}],"version-history":[{"count":7,"href":"https:\/\/www.spkrowniki.pl\/index.php\/wp-json\/wp\/v2\/pages\/20\/revisions"}],"predecessor-version":[{"id":99,"href":"https:\/\/www.spkrowniki.pl\/index.php\/wp-json\/wp\/v2\/pages\/20\/revisions\/99"}],"wp:attachment":[{"href":"https:\/\/www.spkrowniki.pl\/index.php\/wp-json\/wp\/v2\/media?parent=20"}],"curies":[{"name":"wp","href":"https:\/\/api.w.org\/{rel}","templated":true}]}}