{"id":21,"date":"2024-02-28T13:22:07","date_gmt":"2024-02-28T13:22:07","guid":{"rendered":"https:\/\/www.spkrowniki.pl\/?page_id=21"},"modified":"2025-10-21T11:20:16","modified_gmt":"2025-10-21T11:20:16","slug":"kadra","status":"publish","type":"page","link":"https:\/\/www.spkrowniki.pl\/index.php\/kadra\/","title":{"rendered":"Kadra"},"content":{"rendered":"<p><strong>Dyrektor szko\u0142y:<\/strong><strong><br \/><\/strong>Edyta Turek<\/p>\r\n<p><strong>Nauczanie wczesnoszkolne:<\/strong><strong><br \/><\/strong>Beata Dwulat<br \/>Katarzyna \u0179rebiec<br \/>Agata Skurn\u00f3g<br \/>Oliwia Karnas<br \/>Katarzyna Kosy\u0142o<\/p>\r\n<p><!-- \/wp:paragraph -->\r\n\r\n<!-- wp:paragraph --><\/p>\r\n<p><strong>Wychowanie do \u017cycia w rodzinie:<br \/><\/strong>Joanna Kapu\u015bniak<\/p>\r\n<p><!-- \/wp:paragraph -->\r\n\r\n<!-- wp:paragraph --><\/p>\r\n<p><strong>Biblioteka:<br \/><\/strong>Oliwia Karnas<\/p>\r\n<p><!-- \/wp:paragraph -->\r\n\r\n<!-- wp:paragraph --><\/p>\r\n<p><strong>\u015awietlica:<\/strong><br \/>Gra\u017cyna Flis<br \/>Agata Skurn\u00f3g<strong><br \/><\/strong>Beata Dwulat<br \/>Oliwia Karnas<br \/>Katarzyna Kosy\u0142o<br \/>Mateusz Kroczek<br \/>Micha\u0142 Oniszko<br \/>Mariusz Goszty\u0142a\u00a0 \u00a0 \u00a0 \u00a0 \u00a0 \u00a0 \u00a0 \u00a0 \u00a0 \u00a0 \u00a0 \u00a0 \u00a0 \u00a0 \u00a0 \u00a0 \u00a0 \u00a0 \u00a0 \u00a0 \u00a0 \u00a0 \u00a0 \u00a0 \u00a0 \u00a0 \u00a0 \u00a0 \u00a0 \u00a0 \u00a0 \u00a0 \u00a0 \u00a0 \u00a0 \u00a0 \u00a0 \u00a0 \u00a0 \u00a0 \u00a0 \u00a0 \u00a0 \u00a0 \u00a0 \u00a0 \u00a0 \u00a0 \u00a0 \u00a0 \u00a0 \u00a0 \u00a0 \u00a0 \u00a0 \u00a0 \u00a0 \u00a0 \u00a0 \u00a0 \u00a0 \u00a0 \u00a0 \u00a0 \u00a0 \u00a0 \u00a0 \u00a0 \u00a0 \u00a0 \u00a0 \u00a0<\/p>\r\n<p><!-- \/wp:paragraph -->\r\n\r\n<!-- wp:paragraph --><\/p>\r\n<p><strong>Religia: <\/strong>\u00a0 \u00a0<br \/>Marcin Koperski\u00a0\u00a0 \u00a0 \u00a0 \u00a0 \u00a0 \u00a0 \u00a0 \u00a0 \u00a0 \u00a0 \u00a0 \u00a0 \u00a0 \u00a0 \u00a0 \u00a0 \u00a0 \u00a0 \u00a0 \u00a0 \u00a0 \u00a0 \u00a0 \u00a0 \u00a0 \u00a0 \u00a0 \u00a0 \u00a0 \u00a0 \u00a0 \u00a0 \u00a0 \u00a0 \u00a0 \u00a0 \u00a0 \u00a0 \u00a0 \u00a0 \u00a0 \u00a0 \u00a0 \u00a0 \u00a0 \u00a0 \u00a0 \u00a0 \u00a0 \u00a0 \u00a0 \u00a0 \u00a0 \u00a0 \u00a0 \u00a0 \u00a0 \u00a0 \u00a0 \u00a0 \u00a0 \u00a0 \u00a0 \u00a0 \u00a0 \u00a0 \u00a0 \u00a0 \u00a0 \u00a0 \u00a0 \u00a0 \u00a0 \u00a0 \u00a0 \u00a0 \u00a0 \u00a0 \u00a0 \u00a0\u00a0<\/p>\r\n<p><!-- \/wp:paragraph -->\r\n\r\n<!-- wp:paragraph --><\/p>\r\n<p><strong>J\u0119zyk polski:\u00a0<br \/><\/strong>Anna Pomianek<br \/>Edyta Turek<\/p>\r\n<p><!-- \/wp:paragraph -->\r\n\r\n<!-- wp:paragraph --><\/p>\r\n<p><strong>J\u0119zyk angielski:<br \/><\/strong>Ewa Rogowska<br \/>Gra\u017cyna Flis<\/p>\r\n<p><!-- \/wp:paragraph -->\r\n\r\n<!-- wp:paragraph --><\/p>\r\n<p><strong>Historia:<br \/><\/strong>Krzysztof Kocy\u0142a<\/p>\r\n<p><!-- \/wp:paragraph -->\r\n\r\n<!-- wp:paragraph --><\/p>\r\n<p><strong>WOS:<br \/><\/strong>Krzysztof Kocy\u0142a<\/p>\r\n<p><!-- \/wp:paragraph -->\r\n\r\n<!-- wp:paragraph --><\/p>\r\n<p><strong>Edukacja dla bezpiecze\u0144stwa:<br \/><\/strong>Krzysztof Kocy\u0142a<\/p>\r\n<p><!-- \/wp:paragraph -->\r\n\r\n<!-- wp:paragraph --><\/p>\r\n<p><strong>Matematyka:<br \/><\/strong>Anna Wr\u00f3blewska<\/p>\r\n<p><!-- \/wp:paragraph -->\r\n\r\n<!-- wp:paragraph --><\/p>\r\n<p><strong>Fizyka:\u00a0<br \/><\/strong>Anna Wr\u00f3blewska<\/p>\r\n<p><!-- \/wp:paragraph -->\r\n\r\n<!-- wp:paragraph --><\/p>\r\n<p><strong>Przyroda:<br \/><\/strong>Joanna Kapu\u015bniak<\/p>\r\n<p><!-- \/wp:paragraph -->\r\n\r\n<!-- wp:paragraph --><\/p>\r\n<p><strong>Biologia:<\/strong><br \/>Joanna Kapu\u015bniak<\/p>\r\n<p><!-- \/wp:paragraph -->\r\n\r\n<!-- wp:paragraph --><\/p>\r\n<p><strong>Chemia:<br \/><\/strong>Marzanna Zachara<\/p>\r\n<p><!-- \/wp:paragraph -->\r\n\r\n<!-- wp:paragraph --><\/p>\r\n<p><strong>Geografia:<br \/><\/strong>Halina Seku\u0142a<\/p>\r\n<p><!-- \/wp:paragraph -->\r\n\r\n<!-- wp:paragraph --><\/p>\r\n<p><strong>Plastyka:<br \/><\/strong>Marcin Koperski<strong><br \/><\/strong><\/p>\r\n<p><!-- \/wp:paragraph -->\r\n\r\n<!-- wp:paragraph --><\/p>\r\n<p><strong>Muzyka:<\/strong><br \/>Agnieszka Glazar-Mazurek<\/p>\r\n<p><!-- \/wp:paragraph -->\r\n\r\n<!-- wp:paragraph --><\/p>\r\n<p><strong>Technika:<br \/><\/strong>Gra\u017cyna Flis<\/p>\r\n<p><!-- \/wp:paragraph -->\r\n\r\n<!-- wp:paragraph --><\/p>\r\n<p><strong>Wychowanie fizyczne:<br \/><\/strong>Mariusz Goszty\u0142a<br \/>Mateusz Kroczek<br \/>Micha\u0142 Oniszko<\/p>\r\n<p><!-- \/wp:paragraph -->\r\n\r\n<!-- wp:paragraph --><\/p>\r\n<p><strong>Logopeda:<br \/><\/strong>Edyta Turek<\/p>\r\n<p><!-- \/wp:paragraph -->\r\n\r\n<!-- wp:paragraph --><\/p>\r\n<p><strong>Pedagog:<br \/><\/strong>Ewa Ba\u0142ata<\/p>\r\n<p><!-- \/wp:paragraph -->\r\n\r\n<!-- wp:paragraph --><\/p>\r\n<p><strong>Pedagog specjalny:<br \/><\/strong>Ewa Piechota<\/p>\r\n<p><!-- \/wp:paragraph -->\r\n\r\n<!-- wp:paragraph --><\/p>\r\n<p><strong>Psycholog:<br \/><\/strong>Katarzyna Skorupska<\/p>\r\n<p><!-- \/wp:paragraph -->\r\n\r\n<!-- wp:paragraph --><\/p>\r\n<p><strong>Terapeuta pedagogiczny:<br \/><\/strong>Katarzyna Litwin<\/p>\r\n<p><!-- \/wp:paragraph -->\r\n\r\n<!-- wp:paragraph --><\/p>\r\n<p><!-- \/wp:paragraph --><\/p>\r\n<p>&nbsp;<\/p>","protected":false},"excerpt":{"rendered":"<p>Dyrektor szko\u0142y:Edyta Turek Nauczanie wczesnoszkolne:Beata DwulatKatarzyna \u0179rebiecAgata Skurn\u00f3gOliwia KarnasKatarzyna Kosy\u0142o Wychowanie do \u017cycia w rodzinie:Joanna Kapu\u015bniak Biblioteka:Oliwia Karnas \u015awietlica:Gra\u017cyna FlisAgata Skurn\u00f3gBeata DwulatOliwia KarnasKatarzyna Kosy\u0142oMateusz KroczekMicha\u0142 [&hellip;]<\/p>\n","protected":false},"author":1,"featured_media":0,"parent":0,"menu_order":0,"comment_status":"closed","ping_status":"closed","template":"","meta":{"om_disable_all_campaigns":false,"_monsterinsights_skip_tracking":false,"_monsterinsights_sitenote_active":false,"_monsterinsights_sitenote_note":"","_monsterinsights_sitenote_category":0,"footnotes":""},"class_list":["post-21","page","type-page","status-publish","hentry"],"aioseo_notices":[],"_links":{"self":[{"href":"https:\/\/www.spkrowniki.pl\/index.php\/wp-json\/wp\/v2\/pages\/21","targetHints":{"allow":["GET"]}}],"collection":[{"href":"https:\/\/www.spkrowniki.pl\/index.php\/wp-json\/wp\/v2\/pages"}],"about":[{"href":"https:\/\/www.spkrowniki.pl\/index.php\/wp-json\/wp\/v2\/types\/page"}],"author":[{"embeddable":true,"href":"https:\/\/www.spkrowniki.pl\/index.php\/wp-json\/wp\/v2\/users\/1"}],"replies":[{"embeddable":true,"href":"https:\/\/www.spkrowniki.pl\/index.php\/wp-json\/wp\/v2\/comments?post=21"}],"version-history":[{"count":18,"href":"https:\/\/www.spkrowniki.pl\/index.php\/wp-json\/wp\/v2\/pages\/21\/revisions"}],"predecessor-version":[{"id":642,"href":"https:\/\/www.spkrowniki.pl\/index.php\/wp-json\/wp\/v2\/pages\/21\/revisions\/642"}],"wp:attachment":[{"href":"https:\/\/www.spkrowniki.pl\/index.php\/wp-json\/wp\/v2\/media?parent=21"}],"curies":[{"name":"wp","href":"https:\/\/api.w.org\/{rel}","templated":true}]}}