{"id":22,"date":"2024-02-28T13:22:07","date_gmt":"2024-02-28T13:22:07","guid":{"rendered":"https:\/\/www.spkrowniki.pl\/?page_id=22"},"modified":"2026-04-16T12:41:28","modified_gmt":"2026-04-16T12:41:28","slug":"dokumenty","status":"publish","type":"page","link":"https:\/\/www.spkrowniki.pl\/index.php\/dokumenty\/","title":{"rendered":"Dokumenty"},"content":{"rendered":"<p><a href=\"http:\/\/www.spkrowniki.pl\/wp-content\/uploads\/2025\/02\/Wniosek-o-przyjecie-ucznia.pdf\">Wniosek o przyj\u0119cie ucznia<\/a><\/p>\n<p><a href=\"http:\/\/www.spkrowniki.pl\/wp-content\/uploads\/2025\/11\/Standardy-Ochrony-Maloletnich-Krowniki-1.pdf\">Standardy Ochrony Ma\u0142oletnich<\/a><\/p>\n<p><a href=\"http:\/\/Zarz\u0105dzenie W\u00f3jta Gminy Przemy\u015bl w sprawie rekrutacji\" target=\"_blank\" rel=\"noreferrer noopener\" data-type=\"link\" data-id=\"http:\/\/www.szkola.ujkowice.pl\/wp-content\/uploads\/2026\/02\/zarzadzenie-rekrutacja-2026.pdf\"><a href=\"https:\/\/www.spkrowniki.pl\/wp-content\/plugins\/download-attachments\/includes\/download.php?id=858\" attachment_id=\"858\" title=\"Zarz\u0105dzenie W\u00f3jta Gminy Przemy\u015bl w sprawie rekrutacji\" class=\"da-download-link da-download-attachment-858\">Zarz\u0105dzenie W\u00f3jta Gminy Przemy\u015bl w sprawie rekrutacji<\/a><\/a><\/p>\n","protected":false},"excerpt":{"rendered":"<p>Wniosek o przyj\u0119cie ucznia Standardy Ochrony Ma\u0142oletnich<\/p>\n","protected":false},"author":1,"featured_media":0,"parent":0,"menu_order":0,"comment_status":"closed","ping_status":"closed","template":"","meta":{"om_disable_all_campaigns":false,"_monsterinsights_skip_tracking":false,"_monsterinsights_sitenote_active":false,"_monsterinsights_sitenote_note":"","_monsterinsights_sitenote_category":0,"footnotes":""},"class_list":["post-22","page","type-page","status-publish","hentry"],"aioseo_notices":[],"_links":{"self":[{"href":"https:\/\/www.spkrowniki.pl\/index.php\/wp-json\/wp\/v2\/pages\/22","targetHints":{"allow":["GET"]}}],"collection":[{"href":"https:\/\/www.spkrowniki.pl\/index.php\/wp-json\/wp\/v2\/pages"}],"about":[{"href":"https:\/\/www.spkrowniki.pl\/index.php\/wp-json\/wp\/v2\/types\/page"}],"author":[{"embeddable":true,"href":"https:\/\/www.spkrowniki.pl\/index.php\/wp-json\/wp\/v2\/users\/1"}],"replies":[{"embeddable":true,"href":"https:\/\/www.spkrowniki.pl\/index.php\/wp-json\/wp\/v2\/comments?post=22"}],"version-history":[{"count":8,"href":"https:\/\/www.spkrowniki.pl\/index.php\/wp-json\/wp\/v2\/pages\/22\/revisions"}],"predecessor-version":[{"id":859,"href":"https:\/\/www.spkrowniki.pl\/index.php\/wp-json\/wp\/v2\/pages\/22\/revisions\/859"}],"wp:attachment":[{"href":"https:\/\/www.spkrowniki.pl\/index.php\/wp-json\/wp\/v2\/media?parent=22"}],"curies":[{"name":"wp","href":"https:\/\/api.w.org\/{rel}","templated":true}]}}