{"id":224,"date":"2024-10-15T19:25:48","date_gmt":"2024-10-15T19:25:48","guid":{"rendered":"https:\/\/www.spkrowniki.pl\/?page_id=224"},"modified":"2026-01-05T07:45:31","modified_gmt":"2026-01-05T07:45:31","slug":"rodo","status":"publish","type":"page","link":"https:\/\/www.spkrowniki.pl\/index.php\/rodo\/","title":{"rendered":"RODO"},"content":{"rendered":"<p><strong>Inspektor Ochrony Danych:<\/strong><\/p>\n<p><strong>Daniel Panek<\/strong><\/p>\n<p><strong>e-mail: biuro@mpls.com.pl<\/strong><\/p>\n<p><strong><a href=\"https:\/\/www.spkrowniki.pl\/wp-content\/plugins\/download-attachments\/includes\/download.php?id=766\" attachment_id=\"766\" title=\"Polityka prywatno\u015bci RODO\" class=\"da-download-link da-download-attachment-766\">Polityka prywatno\u015bci RODO<\/a><\/strong><\/p>\n<p><strong><a href=\"https:\/\/www.spkrowniki.pl\/wp-content\/plugins\/download-attachments\/includes\/download.php?id=768\" attachment_id=\"768\" title=\"Pytania i odpowiedzi procedura realizacji \u017c\u0105da\u0144\" class=\"da-download-link da-download-attachment-768\">Pytania i odpowiedzi procedura realizacji \u017c\u0105da\u0144<\/a><\/strong><\/p>\n<p>&nbsp;<\/p>\n","protected":false},"excerpt":{"rendered":"<p>Inspektor Ochrony Danych: Daniel Panek e-mail: biuro@mpls.com.pl &nbsp;<\/p>\n","protected":false},"author":1,"featured_media":0,"parent":0,"menu_order":0,"comment_status":"closed","ping_status":"closed","template":"","meta":{"om_disable_all_campaigns":false,"_monsterinsights_skip_tracking":false,"_monsterinsights_sitenote_active":false,"_monsterinsights_sitenote_note":"","_monsterinsights_sitenote_category":0,"footnotes":""},"class_list":["post-224","page","type-page","status-publish","hentry"],"aioseo_notices":[],"_links":{"self":[{"href":"https:\/\/www.spkrowniki.pl\/index.php\/wp-json\/wp\/v2\/pages\/224","targetHints":{"allow":["GET"]}}],"collection":[{"href":"https:\/\/www.spkrowniki.pl\/index.php\/wp-json\/wp\/v2\/pages"}],"about":[{"href":"https:\/\/www.spkrowniki.pl\/index.php\/wp-json\/wp\/v2\/types\/page"}],"author":[{"embeddable":true,"href":"https:\/\/www.spkrowniki.pl\/index.php\/wp-json\/wp\/v2\/users\/1"}],"replies":[{"embeddable":true,"href":"https:\/\/www.spkrowniki.pl\/index.php\/wp-json\/wp\/v2\/comments?post=224"}],"version-history":[{"count":7,"href":"https:\/\/www.spkrowniki.pl\/index.php\/wp-json\/wp\/v2\/pages\/224\/revisions"}],"predecessor-version":[{"id":769,"href":"https:\/\/www.spkrowniki.pl\/index.php\/wp-json\/wp\/v2\/pages\/224\/revisions\/769"}],"wp:attachment":[{"href":"https:\/\/www.spkrowniki.pl\/index.php\/wp-json\/wp\/v2\/media?parent=224"}],"curies":[{"name":"wp","href":"https:\/\/api.w.org\/{rel}","templated":true}]}}